{"id":696,"date":"2024-03-01T13:16:14","date_gmt":"2024-03-01T13:16:14","guid":{"rendered":"https:\/\/erikskarbaroux.com\/?page_id=696"},"modified":"2024-03-01T13:21:56","modified_gmt":"2024-03-01T13:21:56","slug":"opening","status":"publish","type":"page","link":"https:\/\/erikskarbaroux.com\/?page_id=696","title":{"rendered":"OPENING"},"content":{"rendered":"\n<p><mark style=\"background-color:rgba(0, 0, 0, 0)\" class=\"has-inline-color has-black-color\">Je m&#8217;appelle Erik, je fais de la musique. Depuis pas tr\u00e8s longtemps d&#8217;ailleurs, m\u00eame si la musique a accompagn\u00e9 ma vie depuis ma premi\u00e8re rencontre &#8220;coup de foudre&#8221; avec elle. J&#8217;avais 7 ou 8 ans. Ce jour-l\u00e0, j&#8217;\u00e9tais en classe \u00e0 l&#8217;\u00e9cole primaire Paul Doumer de Cachan et, comme souvent, on nous emmenait pour une sortie scolaire. Nous sommes tous entr\u00e9s dans une salle que je pensais \u00eatre une salle de cin\u00e9ma, avec de gros fauteuils bien moelleux. La lumi\u00e8re a fait noir salle, et alors que je m&#8217;attendais \u00e0 une projection de film, j&#8217;ai vu arriver sur une sc\u00e8ne un grand nombre de gens en costume. Ils se sont assis sur des chaises et ont pris des instruments de musique. Soudain, une splendeur est apparue, auditive, sensorielle, submergeante. Je ne peux me rappeler de ce qu&#8217;ils ont jou\u00e9, mais je venais de me faire traverser et emporter par un orchestre philharmonique, pour un voyage sans fin.<\/mark><\/p>\n\n\n\n<figure class=\"wp-block-gallery has-nested-images columns-default is-cropped wp-block-gallery-1 is-layout-flex wp-block-gallery-is-layout-flex\">\n<figure class=\"wp-block-image size-large\"><img loading=\"lazy\" decoding=\"async\" width=\"683\" height=\"1024\" data-id=\"114\" src=\"https:\/\/erikskarbaroux.com\/wp-content\/uploads\/2023\/01\/IL17226-683x1024.jpg\" alt=\"\" class=\"wp-image-114\" srcset=\"https:\/\/erikskarbaroux.com\/wp-content\/uploads\/2023\/01\/IL17226-683x1024.jpg 683w, https:\/\/erikskarbaroux.com\/wp-content\/uploads\/2023\/01\/IL17226-200x300.jpg 200w, https:\/\/erikskarbaroux.com\/wp-content\/uploads\/2023\/01\/IL17226-768x1152.jpg 768w, https:\/\/erikskarbaroux.com\/wp-content\/uploads\/2023\/01\/IL17226-1024x1536.jpg 1024w, https:\/\/erikskarbaroux.com\/wp-content\/uploads\/2023\/01\/IL17226-1365x2048.jpg 1365w, https:\/\/erikskarbaroux.com\/wp-content\/uploads\/2023\/01\/IL17226-2000x3000.jpg 2000w, https:\/\/erikskarbaroux.com\/wp-content\/uploads\/2023\/01\/IL17226-600x900.jpg 600w, https:\/\/erikskarbaroux.com\/wp-content\/uploads\/2023\/01\/IL17226-scaled.jpg 1707w\" sizes=\"auto, (max-width: 683px) 100vw, 683px\" \/><figcaption class=\"wp-element-caption\">Photo Yoann Siloine<\/figcaption><\/figure>\n<\/figure>\n\n\n\n<p><mark style=\"background-color:rgba(0, 0, 0, 0)\" class=\"has-inline-color has-black-color\">Je n&#8217;ai pratiqu\u00e9 aucun instrument jusqu&#8217;au coll\u00e8ge o\u00f9 les profs animaient des clubs. Je m&#8217;\u00e9tais inscrit au club hand ball, rugby, plong\u00e9e sous-marine (en piscine), et&#8230; guitare ! C&#8217;est l\u00e0 que tout a commenc\u00e9 pour moi, avec une guitare classique \u00e0 cordes nylon, une heure par semaine apr\u00e8s la cantine dans une salle remplie de filles (mes potes du rugby se foutaient d&#8217;ailleurs bien de ma gueule). En une ann\u00e9e scolaire, j&#8217;apprends 3 ou 4 accords et 3 ou 4 chansons fran\u00e7aises. Moi cependant, j&#8217;\u00e9tais fan de Michael Jackson.<\/mark><\/p>\n\n\n\n<p><mark style=\"background-color:rgba(0, 0, 0, 0)\" class=\"has-inline-color has-black-color\">Mais si j&#8217;avais cette guitare en main gauche, j&#8217;avais en main droite des crayons et des feutres et en cerveau un go\u00fbt avanc\u00e9 pour les sciences et l&#8217;aventure. \u00c0 la question &#8220;que veux-tu faire plus tard&#8221; je r\u00e9pondais m\u00e9decin ou v\u00e9t\u00e9rinaire, pour ne pas r\u00e9pondre que secr\u00e8tement je voulais \u00eatre astronaute. Assez vite, mes r\u00eaves, je les ai dessin\u00e9s, avec des personnages, des BD, des r\u00e9cits. La main droite a pris le dessus, je suis devenu designer, photographe, r\u00e9alisateur de film, puis concepteur publicitaire, strat\u00e8ge, concepteur et d\u00e9veloppeur web, r\u00e9dacteur. J&#8217;ai fond\u00e9 mon agence de communication, marketing et publicit\u00e9 \u00e0 Paris, j&#8217;ai fait parti des premiers aventuriers du web qui m&#8217;ont fait rencontr\u00e9 un musicien lui aussi pionnier en ce domaine : <\/mark><a href=\"https:\/\/www.jeanlouisaubert.com\/\" data-type=\"URL\" data-id=\"https:\/\/www.jeanlouisaubert.com\/\">Jean-Louis Aubert<\/a>. <\/p>\n\n\n\n<figure class=\"wp-block-gallery has-nested-images columns-default is-cropped wp-block-gallery-2 is-layout-flex wp-block-gallery-is-layout-flex\">\n<figure class=\"wp-block-image size-large\"><img loading=\"lazy\" decoding=\"async\" width=\"1024\" height=\"1024\" data-id=\"116\" src=\"https:\/\/erikskarbaroux.com\/wp-content\/uploads\/2023\/01\/ERIK-SKAR-BAROUX-JEAN-LOUIS-AUBERT-1024x1024.jpg\" alt=\"\" class=\"wp-image-116\" srcset=\"https:\/\/erikskarbaroux.com\/wp-content\/uploads\/2023\/01\/ERIK-SKAR-BAROUX-JEAN-LOUIS-AUBERT-1024x1024.jpg 1024w, https:\/\/erikskarbaroux.com\/wp-content\/uploads\/2023\/01\/ERIK-SKAR-BAROUX-JEAN-LOUIS-AUBERT-300x300.jpg 300w, https:\/\/erikskarbaroux.com\/wp-content\/uploads\/2023\/01\/ERIK-SKAR-BAROUX-JEAN-LOUIS-AUBERT-150x150.jpg 150w, https:\/\/erikskarbaroux.com\/wp-content\/uploads\/2023\/01\/ERIK-SKAR-BAROUX-JEAN-LOUIS-AUBERT-768x768.jpg 768w, https:\/\/erikskarbaroux.com\/wp-content\/uploads\/2023\/01\/ERIK-SKAR-BAROUX-JEAN-LOUIS-AUBERT-1536x1536.jpg 1536w, https:\/\/erikskarbaroux.com\/wp-content\/uploads\/2023\/01\/ERIK-SKAR-BAROUX-JEAN-LOUIS-AUBERT-2048x2048.jpg 2048w, https:\/\/erikskarbaroux.com\/wp-content\/uploads\/2023\/01\/ERIK-SKAR-BAROUX-JEAN-LOUIS-AUBERT-2000x2000.jpg 2000w, https:\/\/erikskarbaroux.com\/wp-content\/uploads\/2023\/01\/ERIK-SKAR-BAROUX-JEAN-LOUIS-AUBERT-600x600.jpg 600w, https:\/\/erikskarbaroux.com\/wp-content\/uploads\/2023\/01\/ERIK-SKAR-BAROUX-JEAN-LOUIS-AUBERT-800x800.jpg 800w\" sizes=\"auto, (max-width: 1024px) 100vw, 1024px\" \/><\/figure>\n<\/figure>\n\n\n\n<hr class=\"wp-block-separator has-alpha-channel-opacity is-style-wide\"\/>\n\n\n\n<p style=\"font-size:clamp(16.834px, 1.052rem + ((1vw - 3.2px) * 0.811), 26px);\"><strong>SAISON 1 :<\/strong><\/p>\n\n\n\n<p class=\"has-text-color has-link-color wp-elements-2675e5dfebf86505121203de3346ad71\" style=\"color:#008eff\"><a href=\"https:\/\/erikskarbaroux.com\/?page_id=85\" data-type=\"link\" data-id=\"https:\/\/erikskarbaroux.com\/?page_id=85\"><mark style=\"background-color:rgba(0, 0, 0, 0)\" class=\"has-inline-color has-secondary-color\">\u00c9pisode 1 : Paris<\/mark><\/a><\/p>\n\n\n\n<p class=\"has-secondary-color has-text-color has-link-color wp-elements-b14d8373c16093af39c47874fba4215b\"><a href=\"https:\/\/erikskarbaroux.com\/?page_id=511\" data-type=\"link\" data-id=\"https:\/\/erikskarbaroux.com\/?page_id=511\">\u00c9pisode 2 : Lille<\/a><\/p>\n","protected":false},"excerpt":{"rendered":"<p>Je m&#8217;appelle Erik, je fais de la musique. Depuis pas tr\u00e8s longtemps d&#8217;ailleurs, m\u00eame si la musique a accompagn\u00e9 ma vie depuis ma premi\u00e8re rencontre &#8220;coup de foudre&#8221; avec elle. J&#8217;avais 7 ou 8 ans. Ce jour-l\u00e0, j&#8217;\u00e9tais en classe \u00e0 l&#8217;\u00e9cole primaire Paul Doumer de Cachan et, comme souvent, on nous emmenait pour une &hellip; <\/p>\n<p class=\"link-more\"><a href=\"https:\/\/erikskarbaroux.com\/?page_id=696\" class=\"more-link\">Read more<span class=\"screen-reader-text\"> &#8220;OPENING&#8221;<\/span><\/a><\/p>\n","protected":false},"author":1,"featured_media":98,"parent":0,"menu_order":0,"comment_status":"closed","ping_status":"closed","template":"","meta":{"inspiro_hide_title":false,"footnotes":""},"class_list":["post-696","page","type-page","status-publish","has-post-thumbnail","hentry"],"featured_media_urls":{"thumbnail":["https:\/\/erikskarbaroux.com\/wp-content\/uploads\/2023\/01\/ERIK-SKAR-BAROUX-WRITING-JARDIN-DES-GEANTS-LILLE-2-150x150.jpg",150,150,true],"medium":["https:\/\/erikskarbaroux.com\/wp-content\/uploads\/2023\/01\/ERIK-SKAR-BAROUX-WRITING-JARDIN-DES-GEANTS-LILLE-2-300x200.jpg",300,200,true],"medium_large":["https:\/\/erikskarbaroux.com\/wp-content\/uploads\/2023\/01\/ERIK-SKAR-BAROUX-WRITING-JARDIN-DES-GEANTS-LILLE-2-768x512.jpg",768,512,true],"large":["https:\/\/erikskarbaroux.com\/wp-content\/uploads\/2023\/01\/ERIK-SKAR-BAROUX-WRITING-JARDIN-DES-GEANTS-LILLE-2-1024x683.jpg",950,634,true],"1536x1536":["https:\/\/erikskarbaroux.com\/wp-content\/uploads\/2023\/01\/ERIK-SKAR-BAROUX-WRITING-JARDIN-DES-GEANTS-LILLE-2-1536x1024.jpg",1536,1024,true],"2048x2048":["https:\/\/erikskarbaroux.com\/wp-content\/uploads\/2023\/01\/ERIK-SKAR-BAROUX-WRITING-JARDIN-DES-GEANTS-LILLE-2-2048x1365.jpg",2048,1365,true],"inspiro-featured-image":["https:\/\/erikskarbaroux.com\/wp-content\/uploads\/2023\/01\/ERIK-SKAR-BAROUX-WRITING-JARDIN-DES-GEANTS-LILLE-2-2000x1333.jpg",2000,1333,true],"inspiro-loop":["https:\/\/erikskarbaroux.com\/wp-content\/uploads\/2023\/01\/ERIK-SKAR-BAROUX-WRITING-JARDIN-DES-GEANTS-LILLE-2-950x320.jpg",950,320,true],"inspiro-loop@2x":["https:\/\/erikskarbaroux.com\/wp-content\/uploads\/2023\/01\/ERIK-SKAR-BAROUX-WRITING-JARDIN-DES-GEANTS-LILLE-2-1900x640.jpg",1900,640,true],"portfolio_item-thumbnail":["https:\/\/erikskarbaroux.com\/wp-content\/uploads\/2023\/01\/ERIK-SKAR-BAROUX-WRITING-JARDIN-DES-GEANTS-LILLE-2-600x400.jpg",600,400,true],"portfolio_item-thumbnail@2x":["https:\/\/erikskarbaroux.com\/wp-content\/uploads\/2023\/01\/ERIK-SKAR-BAROUX-WRITING-JARDIN-DES-GEANTS-LILLE-2-scaled-1200x800.jpg",1200,800,true],"portfolio_item-masonry":["https:\/\/erikskarbaroux.com\/wp-content\/uploads\/2023\/01\/ERIK-SKAR-BAROUX-WRITING-JARDIN-DES-GEANTS-LILLE-2-600x400.jpg",600,400,true],"portfolio_item-masonry@2x":["https:\/\/erikskarbaroux.com\/wp-content\/uploads\/2023\/01\/ERIK-SKAR-BAROUX-WRITING-JARDIN-DES-GEANTS-LILLE-2-scaled-1200x800.jpg",1200,800,true],"portfolio_item-thumbnail_cinema":["https:\/\/erikskarbaroux.com\/wp-content\/uploads\/2023\/01\/ERIK-SKAR-BAROUX-WRITING-JARDIN-DES-GEANTS-LILLE-2-800x335.jpg",800,335,true],"portfolio_item-thumbnail_portrait":["https:\/\/erikskarbaroux.com\/wp-content\/uploads\/2023\/01\/ERIK-SKAR-BAROUX-WRITING-JARDIN-DES-GEANTS-LILLE-2-600x900.jpg",600,900,true],"portfolio_item-thumbnail_portrait@2x":["https:\/\/erikskarbaroux.com\/wp-content\/uploads\/2023\/01\/ERIK-SKAR-BAROUX-WRITING-JARDIN-DES-GEANTS-LILLE-2-scaled-1200x1707.jpg",1200,1707,true],"portfolio_item-thumbnail_square":["https:\/\/erikskarbaroux.com\/wp-content\/uploads\/2023\/01\/ERIK-SKAR-BAROUX-WRITING-JARDIN-DES-GEANTS-LILLE-2-800x800.jpg",800,800,true]},"_links":{"self":[{"href":"https:\/\/erikskarbaroux.com\/index.php?rest_route=\/wp\/v2\/pages\/696","targetHints":{"allow":["GET"]}}],"collection":[{"href":"https:\/\/erikskarbaroux.com\/index.php?rest_route=\/wp\/v2\/pages"}],"about":[{"href":"https:\/\/erikskarbaroux.com\/index.php?rest_route=\/wp\/v2\/types\/page"}],"author":[{"embeddable":true,"href":"https:\/\/erikskarbaroux.com\/index.php?rest_route=\/wp\/v2\/users\/1"}],"replies":[{"embeddable":true,"href":"https:\/\/erikskarbaroux.com\/index.php?rest_route=%2Fwp%2Fv2%2Fcomments&post=696"}],"version-history":[{"count":3,"href":"https:\/\/erikskarbaroux.com\/index.php?rest_route=\/wp\/v2\/pages\/696\/revisions"}],"predecessor-version":[{"id":703,"href":"https:\/\/erikskarbaroux.com\/index.php?rest_route=\/wp\/v2\/pages\/696\/revisions\/703"}],"wp:featuredmedia":[{"embeddable":true,"href":"https:\/\/erikskarbaroux.com\/index.php?rest_route=\/wp\/v2\/media\/98"}],"wp:attachment":[{"href":"https:\/\/erikskarbaroux.com\/index.php?rest_route=%2Fwp%2Fv2%2Fmedia&parent=696"}],"curies":[{"name":"wp","href":"https:\/\/api.w.org\/{rel}","templated":true}]}}