{"id":790,"date":"2024-03-04T13:31:17","date_gmt":"2024-03-04T13:31:17","guid":{"rendered":"https:\/\/erikskarbaroux.com\/?page_id=790"},"modified":"2024-03-11T16:11:33","modified_gmt":"2024-03-11T16:11:33","slug":"episode-3-la-tournee-fantastique","status":"publish","type":"page","link":"https:\/\/erikskarbaroux.com\/?page_id=790","title":{"rendered":"\u00c9PISODE 3 : LA TOURN\u00c9E FANTASTIQUE"},"content":{"rendered":"\n<p>Automne 2020. Le monde semble entr\u00e9 et perdu dans un monde surr\u00e9aliste, absurde, o\u00f9 la peur et la m\u00e9fiance dominent, o\u00f9 la torture et la souffrance psychologique sont pain quotidien. Sous couvert de vouloir prot\u00e9ger la population, les mesures liberticides d\u00e9cid\u00e9es par le gouvernement (qui r\u00e8gne alors en simple Conseil de D\u00e9fense &#8220;l\u00e9gitimement&#8221; mis en place et justifi\u00e9 par le fait que nous soyons &#8220;en guerre&#8221;) vont bon train. Moi je ne croois pas en toute cette propagande. Trop de communication, de publicit\u00e9 et de marketing, trop de prises de paroles contradictoires, de conflits d&#8217;int\u00e9r\u00eats \u00e9vidents, trop de recours \u00e0 la caution scientifique, trop de &#8220;v\u00e9rit\u00e9s officielles&#8221; rabach\u00e9es quant \u00e0 ce qu&#8217;il faut penser (ce qui ressemble beaucoup trop \u00e0 de la propagande \u00e0 mon go\u00fbt) et trop de soient disantes &#8220;fausses v\u00e9rit\u00e9s&#8221; qu&#8217;il faut officiellement lapider, trop de censure et de d\u00e9crets incoh\u00e9rents impos\u00e9s chaque semaine \u00e0 la va-vite soit disant pour nous &#8220;prot\u00e9ger&#8221;. Tout cela sonne faux, m\u00eame si il y a peut-\u00eatre un peu de vrai, ce qu&#8217;aucun de nous ne peut vraiment savoir.<\/p>\n\n\n\n<p>Ce que je sais en revanche, c&#8217;est que la population souffre. Et je sais qu&#8217;avec des chansons et de la musique, je peux apaiser la souffrance, momentan\u00e9ment. Je sais aussi que, si tous les bars, th\u00e9\u00e2tres, lieux de concerts et spectacles, Festivals, restaurants sont ferm\u00e9s, si les organisations de rassemblements publics (hors politiques, ce qui est aussi un indicateur de quelque chose qui ne tourne pas rond) sont interdites, il y a une chose qui reste tol\u00e9r\u00e9e : les spectacles de rue. Alors j&#8217;ai pris ma guitare, mon ampli Cube Street, un pied de micro et un tapis et avec mon ami Maximilien et son \u00e9pouse Marie, avec l&#8217;aide du Collectif R\u00e9infoCovid, j&#8217;ai mont\u00e9 une &#8220;tourn\u00e9e sans fronti\u00e8res&#8221; en France que j&#8217;ai appel\u00e9e &#8220;La Tourn\u00e9e Fantastique&#8221;. Parce que \u00e7a relevait d&#8217;une dimension fantastique \u00e0 cette \u00e9poque d&#8217;imaginer et produire une tourn\u00e9e.<\/p>\n\n\n\n<p>Premiers concerts \u00e0 Montpellier avec l&#8217;aide pr\u00e9cieuse de Marion et J\u00e9r\u00e9my, V\u00e9ronique Fran\u00e7ois et tous les mobilis\u00e9s du collectif R\u00e9info 34. Puis premi\u00e8re vague de tourn\u00e9e \u00e0 Perpignan, Formigu\u00e8res, Prades, Anglet, Bayonne, Tarnos, Espelette, Toulouse, Limoges, Angers avant de rentrer \u00e0 Paris, o\u00f9 j&#8217;ai jou\u00e9 un samedi apr\u00e8s-midi sur les quais, Je n&#8217;ai jamais \u00e9t\u00e9 inqui\u00e9t\u00e9 par la Police ou la Gendarmerie. Pas plus que d&#8217;habitude en tout cas. Je le sais, la loi interdit les spectacles de rue donn\u00e9s sans autorisation municipale, mais le niveau de tol\u00e9rance est au maximum si bien que les Gardiens de l&#8217;Ordre et Forces de la Paix interviennent rarement pour les stopper, sauf s&#8217;ils nuisent \u00e0 la tranquilit\u00e9 des passants ou des habitants-commer\u00e7ants et d\u00e9clenchent des plaintes. Ce qui m&#8217;est arriv\u00e9 trois fois en tout. Au contraire, \u00e0 Paris par exemple, la dizaine de gendarmes qui \u00e9tait venue se poser autour de moi \u00e9tait l\u00e0 pour v\u00e9rifier qu&#8217;il n&#8217;y aurait pas de d\u00e9bordement. Et lorsqu&#8217;\u00e0 un moment une des m\u00e9caniques de ma guitare s&#8217;est cass\u00e9e, l&#8217;un des gendarmes, le capitaine sans doute, s&#8217;est avanc\u00e9 vers moi avec une pince multifonction et m&#8217;ai aid\u00e9 \u00e0 r\u00e9parer pour que je puisse reprendre le show. Tout en m&#8217;aidant \u00e0 revisser la m\u00e9canique, il m&#8217;a dit : &#8221; C&#8217;est bien ce que vous faites, les gens en ont besoin&#8221;.<\/p>\n\n\n\n<figure class=\"wp-block-gallery has-nested-images columns-default is-cropped wp-block-gallery-1 is-layout-flex wp-block-gallery-is-layout-flex\">\n<figure class=\"wp-block-image size-large\"><img loading=\"lazy\" decoding=\"async\" width=\"1024\" height=\"572\" data-id=\"796\" src=\"https:\/\/erikskarbaroux.com\/wp-content\/uploads\/2024\/03\/ERIK-SKAR-BAROUX-LA-TOURNEE-FANTASTIQUE-ANGLET-LA-BARRE-2-copy-1024x572.jpg\" alt=\"\" class=\"wp-image-796\" srcset=\"https:\/\/erikskarbaroux.com\/wp-content\/uploads\/2024\/03\/ERIK-SKAR-BAROUX-LA-TOURNEE-FANTASTIQUE-ANGLET-LA-BARRE-2-copy-1024x572.jpg 1024w, https:\/\/erikskarbaroux.com\/wp-content\/uploads\/2024\/03\/ERIK-SKAR-BAROUX-LA-TOURNEE-FANTASTIQUE-ANGLET-LA-BARRE-2-copy-300x168.jpg 300w, https:\/\/erikskarbaroux.com\/wp-content\/uploads\/2024\/03\/ERIK-SKAR-BAROUX-LA-TOURNEE-FANTASTIQUE-ANGLET-LA-BARRE-2-copy-2000x1117.jpg 2000w\" sizes=\"auto, (max-width: 1024px) 100vw, 1024px\" \/><\/figure>\n<\/figure>\n\n\n\n<p><\/p>\n\n\n\n<figure class=\"wp-block-gallery has-nested-images columns-default is-cropped wp-block-gallery-2 is-layout-flex wp-block-gallery-is-layout-flex\">\n<figure class=\"wp-block-image size-large\"><img loading=\"lazy\" decoding=\"async\" width=\"1024\" height=\"640\" data-id=\"803\" src=\"https:\/\/erikskarbaroux.com\/wp-content\/uploads\/2024\/03\/ERIK-BAROUX-TOURNEE-FANTASTIQUE-MONTPELLIER-COMEDIE-1-1-1024x640.jpg\" alt=\"\" class=\"wp-image-803\" srcset=\"https:\/\/erikskarbaroux.com\/wp-content\/uploads\/2024\/03\/ERIK-BAROUX-TOURNEE-FANTASTIQUE-MONTPELLIER-COMEDIE-1-1-1024x640.jpg 1024w, https:\/\/erikskarbaroux.com\/wp-content\/uploads\/2024\/03\/ERIK-BAROUX-TOURNEE-FANTASTIQUE-MONTPELLIER-COMEDIE-1-1-300x188.jpg 300w, https:\/\/erikskarbaroux.com\/wp-content\/uploads\/2024\/03\/ERIK-BAROUX-TOURNEE-FANTASTIQUE-MONTPELLIER-COMEDIE-1-1-2000x1250.jpg 2000w\" sizes=\"auto, (max-width: 1024px) 100vw, 1024px\" \/><\/figure>\n\n\n\n<figure class=\"wp-block-image size-large\"><img loading=\"lazy\" decoding=\"async\" width=\"1024\" height=\"589\" data-id=\"801\" src=\"https:\/\/erikskarbaroux.com\/wp-content\/uploads\/2024\/03\/ERIK-BAROUX-TOURNEE-FANTASTIQUE-MONTPELLIER-COMEDIE-2-1024x589.jpg\" alt=\"\" class=\"wp-image-801\" srcset=\"https:\/\/erikskarbaroux.com\/wp-content\/uploads\/2024\/03\/ERIK-BAROUX-TOURNEE-FANTASTIQUE-MONTPELLIER-COMEDIE-2-1024x589.jpg 1024w, https:\/\/erikskarbaroux.com\/wp-content\/uploads\/2024\/03\/ERIK-BAROUX-TOURNEE-FANTASTIQUE-MONTPELLIER-COMEDIE-2-300x173.jpg 300w, https:\/\/erikskarbaroux.com\/wp-content\/uploads\/2024\/03\/ERIK-BAROUX-TOURNEE-FANTASTIQUE-MONTPELLIER-COMEDIE-2-2000x1151.jpg 2000w\" sizes=\"auto, (max-width: 1024px) 100vw, 1024px\" \/><\/figure>\n\n\n\n<figure class=\"wp-block-image size-large\"><img loading=\"lazy\" decoding=\"async\" width=\"1024\" height=\"696\" data-id=\"800\" src=\"https:\/\/erikskarbaroux.com\/wp-content\/uploads\/2024\/03\/ERIK-BAROUX-TOURNEE-FANTASTIQUE-MONTPELLIER-COMEDIE-3-1024x696.jpg\" alt=\"\" class=\"wp-image-800\" srcset=\"https:\/\/erikskarbaroux.com\/wp-content\/uploads\/2024\/03\/ERIK-BAROUX-TOURNEE-FANTASTIQUE-MONTPELLIER-COMEDIE-3-1024x696.jpg 1024w, https:\/\/erikskarbaroux.com\/wp-content\/uploads\/2024\/03\/ERIK-BAROUX-TOURNEE-FANTASTIQUE-MONTPELLIER-COMEDIE-3-300x204.jpg 300w, https:\/\/erikskarbaroux.com\/wp-content\/uploads\/2024\/03\/ERIK-BAROUX-TOURNEE-FANTASTIQUE-MONTPELLIER-COMEDIE-3.jpg 1280w\" sizes=\"auto, (max-width: 1024px) 100vw, 1024px\" \/><\/figure>\n\n\n\n<figure class=\"wp-block-image size-large\"><img loading=\"lazy\" decoding=\"async\" width=\"680\" height=\"1024\" data-id=\"798\" src=\"https:\/\/erikskarbaroux.com\/wp-content\/uploads\/2024\/03\/ERIK-BAROUX-TOURNEE-FANTASTIQUE-MONTPELLIER-GARE-1-680x1024.jpg\" alt=\"\" class=\"wp-image-798\" srcset=\"https:\/\/erikskarbaroux.com\/wp-content\/uploads\/2024\/03\/ERIK-BAROUX-TOURNEE-FANTASTIQUE-MONTPELLIER-GARE-1-680x1024.jpg 680w, https:\/\/erikskarbaroux.com\/wp-content\/uploads\/2024\/03\/ERIK-BAROUX-TOURNEE-FANTASTIQUE-MONTPELLIER-GARE-1-199x300.jpg 199w, https:\/\/erikskarbaroux.com\/wp-content\/uploads\/2024\/03\/ERIK-BAROUX-TOURNEE-FANTASTIQUE-MONTPELLIER-GARE-1.jpg 850w\" sizes=\"auto, (max-width: 680px) 100vw, 680px\" \/><\/figure>\n\n\n\n<figure class=\"wp-block-image size-large\"><img loading=\"lazy\" decoding=\"async\" width=\"772\" height=\"1024\" data-id=\"799\" src=\"https:\/\/erikskarbaroux.com\/wp-content\/uploads\/2024\/03\/ERIK-BAROUX-TOURNEE-FANTASTIQUE-MONTPELLIER-GARE-2-772x1024.jpg\" alt=\"\" class=\"wp-image-799\" srcset=\"https:\/\/erikskarbaroux.com\/wp-content\/uploads\/2024\/03\/ERIK-BAROUX-TOURNEE-FANTASTIQUE-MONTPELLIER-GARE-2-772x1024.jpg 772w, https:\/\/erikskarbaroux.com\/wp-content\/uploads\/2024\/03\/ERIK-BAROUX-TOURNEE-FANTASTIQUE-MONTPELLIER-GARE-2-226x300.jpg 226w, https:\/\/erikskarbaroux.com\/wp-content\/uploads\/2024\/03\/ERIK-BAROUX-TOURNEE-FANTASTIQUE-MONTPELLIER-GARE-2.jpg 850w\" sizes=\"auto, (max-width: 772px) 100vw, 772px\" \/><\/figure>\n\n\n\n<figure class=\"wp-block-image size-large\"><img loading=\"lazy\" decoding=\"async\" width=\"1024\" height=\"475\" data-id=\"805\" src=\"https:\/\/erikskarbaroux.com\/wp-content\/uploads\/2024\/03\/FANTASTIQUE-MONTPELLIER-ARCEAUX--1024x475.jpg\" alt=\"\" class=\"wp-image-805\" srcset=\"https:\/\/erikskarbaroux.com\/wp-content\/uploads\/2024\/03\/FANTASTIQUE-MONTPELLIER-ARCEAUX--1024x475.jpg 1024w, https:\/\/erikskarbaroux.com\/wp-content\/uploads\/2024\/03\/FANTASTIQUE-MONTPELLIER-ARCEAUX--300x139.jpg 300w, https:\/\/erikskarbaroux.com\/wp-content\/uploads\/2024\/03\/FANTASTIQUE-MONTPELLIER-ARCEAUX-.jpg 1280w\" sizes=\"auto, (max-width: 1024px) 100vw, 1024px\" \/><\/figure>\n\n\n\n<figure class=\"wp-block-image size-large\"><img loading=\"lazy\" decoding=\"async\" width=\"1024\" height=\"747\" data-id=\"804\" src=\"https:\/\/erikskarbaroux.com\/wp-content\/uploads\/2024\/03\/erik-skar-baroux-erik-baroux-fantastic-tour-lille-1024x747.jpg\" alt=\"\" class=\"wp-image-804\" srcset=\"https:\/\/erikskarbaroux.com\/wp-content\/uploads\/2024\/03\/erik-skar-baroux-erik-baroux-fantastic-tour-lille-1024x747.jpg 1024w, https:\/\/erikskarbaroux.com\/wp-content\/uploads\/2024\/03\/erik-skar-baroux-erik-baroux-fantastic-tour-lille-300x219.jpg 300w, https:\/\/erikskarbaroux.com\/wp-content\/uploads\/2024\/03\/erik-skar-baroux-erik-baroux-fantastic-tour-lille.jpg 1954w\" sizes=\"auto, (max-width: 1024px) 100vw, 1024px\" \/><\/figure>\n\n\n\n<figure class=\"wp-block-image size-large\"><img loading=\"lazy\" decoding=\"async\" width=\"1024\" height=\"536\" data-id=\"807\" src=\"https:\/\/erikskarbaroux.com\/wp-content\/uploads\/2024\/03\/REINFO_COVID-NPDC-first-2-1024x536.jpg\" alt=\"\" class=\"wp-image-807\" srcset=\"https:\/\/erikskarbaroux.com\/wp-content\/uploads\/2024\/03\/REINFO_COVID-NPDC-first-2-1024x536.jpg 1024w, https:\/\/erikskarbaroux.com\/wp-content\/uploads\/2024\/03\/REINFO_COVID-NPDC-first-2-300x157.jpg 300w, https:\/\/erikskarbaroux.com\/wp-content\/uploads\/2024\/03\/REINFO_COVID-NPDC-first-2-2000x1047.jpg 2000w\" sizes=\"auto, (max-width: 1024px) 100vw, 1024px\" \/><\/figure>\n<\/figure>\n\n\n\n<p><\/p>\n\n\n\n<figure class=\"wp-block-gallery has-nested-images columns-default is-cropped wp-block-gallery-3 is-layout-flex wp-block-gallery-is-layout-flex\">\n<figure class=\"wp-block-image size-large\"><img loading=\"lazy\" decoding=\"async\" width=\"683\" height=\"1024\" data-id=\"813\" src=\"https:\/\/erikskarbaroux.com\/wp-content\/uploads\/2024\/03\/ERIIK-SKAR-BAROUX-TOURNEE-FANTASTIQUE-SONIC66-1-683x1024.jpg\" alt=\"\" class=\"wp-image-813\" srcset=\"https:\/\/erikskarbaroux.com\/wp-content\/uploads\/2024\/03\/ERIIK-SKAR-BAROUX-TOURNEE-FANTASTIQUE-SONIC66-1-683x1024.jpg 683w, https:\/\/erikskarbaroux.com\/wp-content\/uploads\/2024\/03\/ERIIK-SKAR-BAROUX-TOURNEE-FANTASTIQUE-SONIC66-1-200x300.jpg 200w, https:\/\/erikskarbaroux.com\/wp-content\/uploads\/2024\/03\/ERIIK-SKAR-BAROUX-TOURNEE-FANTASTIQUE-SONIC66-1.jpg 1366w\" sizes=\"auto, (max-width: 683px) 100vw, 683px\" \/><\/figure>\n\n\n\n<figure class=\"wp-block-image size-large\"><img loading=\"lazy\" decoding=\"async\" width=\"683\" height=\"1024\" data-id=\"814\" src=\"https:\/\/erikskarbaroux.com\/wp-content\/uploads\/2024\/03\/ERIIK-SKAR-BAROUX-TOURNEE-FANTASTIQUE-SONIC66-2-683x1024.jpg\" alt=\"\" class=\"wp-image-814\" srcset=\"https:\/\/erikskarbaroux.com\/wp-content\/uploads\/2024\/03\/ERIIK-SKAR-BAROUX-TOURNEE-FANTASTIQUE-SONIC66-2-683x1024.jpg 683w, https:\/\/erikskarbaroux.com\/wp-content\/uploads\/2024\/03\/ERIIK-SKAR-BAROUX-TOURNEE-FANTASTIQUE-SONIC66-2-200x300.jpg 200w, https:\/\/erikskarbaroux.com\/wp-content\/uploads\/2024\/03\/ERIIK-SKAR-BAROUX-TOURNEE-FANTASTIQUE-SONIC66-2.jpg 1365w\" sizes=\"auto, (max-width: 683px) 100vw, 683px\" \/><\/figure>\n\n\n\n<figure class=\"wp-block-image size-large\"><img loading=\"lazy\" decoding=\"async\" width=\"682\" height=\"1024\" data-id=\"815\" src=\"https:\/\/erikskarbaroux.com\/wp-content\/uploads\/2024\/03\/ERIIK-SKAR-BAROUX-TOURNEE-FANTASTIQUE-SONIC66-3-682x1024.jpg\" alt=\"\" class=\"wp-image-815\" srcset=\"https:\/\/erikskarbaroux.com\/wp-content\/uploads\/2024\/03\/ERIIK-SKAR-BAROUX-TOURNEE-FANTASTIQUE-SONIC66-3-682x1024.jpg 682w, https:\/\/erikskarbaroux.com\/wp-content\/uploads\/2024\/03\/ERIIK-SKAR-BAROUX-TOURNEE-FANTASTIQUE-SONIC66-3-200x300.jpg 200w, https:\/\/erikskarbaroux.com\/wp-content\/uploads\/2024\/03\/ERIIK-SKAR-BAROUX-TOURNEE-FANTASTIQUE-SONIC66-3-2000x3002.jpg 2000w, https:\/\/erikskarbaroux.com\/wp-content\/uploads\/2024\/03\/ERIIK-SKAR-BAROUX-TOURNEE-FANTASTIQUE-SONIC66-3-scaled.jpg 1706w\" sizes=\"auto, (max-width: 682px) 100vw, 682px\" \/><\/figure>\n<\/figure>\n\n\n\n<p style=\"font-size:clamp(16.834px, 1.052rem + ((1vw - 3.2px) * 0.811), 26px);\"><\/p>\n\n\n\n<p><\/p>\n\n\n\n<p style=\"font-size:clamp(16.834px, 1.052rem + ((1vw - 3.2px) * 0.811), 26px);\"><strong>La rencontre du Docteur Eric Loridan et du Docteur Louis Fouch\u00e9<\/strong><\/p>\n\n\n\n<p style=\"font-size:clamp(16.834px, 1.052rem + ((1vw - 3.2px) * 0.811), 26px);\"><strong>La rencontre de Beno\u00eet Flamec<\/strong><\/p>\n\n\n\n<p style=\"font-size:clamp(16.834px, 1.052rem + ((1vw - 3.2px) * 0.811), 26px);\"><strong>La rencontre d&#8217;Ingrid Courr\u00e8ges et Florian Martinez<\/strong><\/p>\n\n\n\n<p style=\"font-size:clamp(16.834px, 1.052rem + ((1vw - 3.2px) * 0.811), 26px);\"><strong>Bloqu\u00e9 par la neige \u00e0 Voiron, dans l&#8217;Is\u00e8re, un incroyable coup du destin<\/strong><\/p>\n\n\n\n<p style=\"font-size:clamp(16.834px, 1.052rem + ((1vw - 3.2px) * 0.811), 26px);\"><strong>Le Petit Z\u00e9nith des Martres de Veyre, de Christophe Cathonet<\/strong><\/p>\n\n\n\n<p style=\"font-size:clamp(16.834px, 1.052rem + ((1vw - 3.2px) * 0.811), 26px);\"><strong>La Marche Fantastique de Gergovie, juillet 2022<\/strong><\/p>\n","protected":false},"excerpt":{"rendered":"<p>Automne 2020. Le monde semble entr\u00e9 et perdu dans un monde surr\u00e9aliste, absurde, o\u00f9 la peur et la m\u00e9fiance dominent, o\u00f9 la torture et la souffrance psychologique sont pain quotidien. Sous couvert de vouloir prot\u00e9ger la population, les mesures liberticides d\u00e9cid\u00e9es par le gouvernement (qui r\u00e8gne alors en simple Conseil de D\u00e9fense &#8220;l\u00e9gitimement&#8221; mis en &hellip; <\/p>\n<p class=\"link-more\"><a href=\"https:\/\/erikskarbaroux.com\/?page_id=790\" class=\"more-link\">Read more<span class=\"screen-reader-text\"> &#8220;\u00c9PISODE 3 : LA TOURN\u00c9E FANTASTIQUE&#8221;<\/span><\/a><\/p>\n","protected":false},"author":1,"featured_media":98,"parent":0,"menu_order":2,"comment_status":"closed","ping_status":"closed","template":"","meta":{"inspiro_hide_title":false,"footnotes":""},"class_list":["post-790","page","type-page","status-publish","has-post-thumbnail","hentry"],"featured_media_urls":{"thumbnail":["https:\/\/erikskarbaroux.com\/wp-content\/uploads\/2023\/01\/ERIK-SKAR-BAROUX-WRITING-JARDIN-DES-GEANTS-LILLE-2-150x150.jpg",150,150,true],"medium":["https:\/\/erikskarbaroux.com\/wp-content\/uploads\/2023\/01\/ERIK-SKAR-BAROUX-WRITING-JARDIN-DES-GEANTS-LILLE-2-300x200.jpg",300,200,true],"medium_large":["https:\/\/erikskarbaroux.com\/wp-content\/uploads\/2023\/01\/ERIK-SKAR-BAROUX-WRITING-JARDIN-DES-GEANTS-LILLE-2-768x512.jpg",768,512,true],"large":["https:\/\/erikskarbaroux.com\/wp-content\/uploads\/2023\/01\/ERIK-SKAR-BAROUX-WRITING-JARDIN-DES-GEANTS-LILLE-2-1024x683.jpg",950,634,true],"1536x1536":["https:\/\/erikskarbaroux.com\/wp-content\/uploads\/2023\/01\/ERIK-SKAR-BAROUX-WRITING-JARDIN-DES-GEANTS-LILLE-2-1536x1024.jpg",1536,1024,true],"2048x2048":["https:\/\/erikskarbaroux.com\/wp-content\/uploads\/2023\/01\/ERIK-SKAR-BAROUX-WRITING-JARDIN-DES-GEANTS-LILLE-2-2048x1365.jpg",2048,1365,true],"inspiro-featured-image":["https:\/\/erikskarbaroux.com\/wp-content\/uploads\/2023\/01\/ERIK-SKAR-BAROUX-WRITING-JARDIN-DES-GEANTS-LILLE-2-2000x1333.jpg",2000,1333,true],"inspiro-loop":["https:\/\/erikskarbaroux.com\/wp-content\/uploads\/2023\/01\/ERIK-SKAR-BAROUX-WRITING-JARDIN-DES-GEANTS-LILLE-2-950x320.jpg",950,320,true],"inspiro-loop@2x":["https:\/\/erikskarbaroux.com\/wp-content\/uploads\/2023\/01\/ERIK-SKAR-BAROUX-WRITING-JARDIN-DES-GEANTS-LILLE-2-1900x640.jpg",1900,640,true],"portfolio_item-thumbnail":["https:\/\/erikskarbaroux.com\/wp-content\/uploads\/2023\/01\/ERIK-SKAR-BAROUX-WRITING-JARDIN-DES-GEANTS-LILLE-2-600x400.jpg",600,400,true],"portfolio_item-thumbnail@2x":["https:\/\/erikskarbaroux.com\/wp-content\/uploads\/2023\/01\/ERIK-SKAR-BAROUX-WRITING-JARDIN-DES-GEANTS-LILLE-2-scaled-1200x800.jpg",1200,800,true],"portfolio_item-masonry":["https:\/\/erikskarbaroux.com\/wp-content\/uploads\/2023\/01\/ERIK-SKAR-BAROUX-WRITING-JARDIN-DES-GEANTS-LILLE-2-600x400.jpg",600,400,true],"portfolio_item-masonry@2x":["https:\/\/erikskarbaroux.com\/wp-content\/uploads\/2023\/01\/ERIK-SKAR-BAROUX-WRITING-JARDIN-DES-GEANTS-LILLE-2-scaled-1200x800.jpg",1200,800,true],"portfolio_item-thumbnail_cinema":["https:\/\/erikskarbaroux.com\/wp-content\/uploads\/2023\/01\/ERIK-SKAR-BAROUX-WRITING-JARDIN-DES-GEANTS-LILLE-2-800x335.jpg",800,335,true],"portfolio_item-thumbnail_portrait":["https:\/\/erikskarbaroux.com\/wp-content\/uploads\/2023\/01\/ERIK-SKAR-BAROUX-WRITING-JARDIN-DES-GEANTS-LILLE-2-600x900.jpg",600,900,true],"portfolio_item-thumbnail_portrait@2x":["https:\/\/erikskarbaroux.com\/wp-content\/uploads\/2023\/01\/ERIK-SKAR-BAROUX-WRITING-JARDIN-DES-GEANTS-LILLE-2-scaled-1200x1707.jpg",1200,1707,true],"portfolio_item-thumbnail_square":["https:\/\/erikskarbaroux.com\/wp-content\/uploads\/2023\/01\/ERIK-SKAR-BAROUX-WRITING-JARDIN-DES-GEANTS-LILLE-2-800x800.jpg",800,800,true]},"_links":{"self":[{"href":"https:\/\/erikskarbaroux.com\/index.php?rest_route=\/wp\/v2\/pages\/790","targetHints":{"allow":["GET"]}}],"collection":[{"href":"https:\/\/erikskarbaroux.com\/index.php?rest_route=\/wp\/v2\/pages"}],"about":[{"href":"https:\/\/erikskarbaroux.com\/index.php?rest_route=\/wp\/v2\/types\/page"}],"author":[{"embeddable":true,"href":"https:\/\/erikskarbaroux.com\/index.php?rest_route=\/wp\/v2\/users\/1"}],"replies":[{"embeddable":true,"href":"https:\/\/erikskarbaroux.com\/index.php?rest_route=%2Fwp%2Fv2%2Fcomments&post=790"}],"version-history":[{"count":17,"href":"https:\/\/erikskarbaroux.com\/index.php?rest_route=\/wp\/v2\/pages\/790\/revisions"}],"predecessor-version":[{"id":906,"href":"https:\/\/erikskarbaroux.com\/index.php?rest_route=\/wp\/v2\/pages\/790\/revisions\/906"}],"wp:featuredmedia":[{"embeddable":true,"href":"https:\/\/erikskarbaroux.com\/index.php?rest_route=\/wp\/v2\/media\/98"}],"wp:attachment":[{"href":"https:\/\/erikskarbaroux.com\/index.php?rest_route=%2Fwp%2Fv2%2Fmedia&parent=790"}],"curies":[{"name":"wp","href":"https:\/\/api.w.org\/{rel}","templated":true}]}}