{"id":868,"date":"2024-03-06T09:30:27","date_gmt":"2024-03-06T09:30:27","guid":{"rendered":"https:\/\/erikskarbaroux.com\/?page_id=868"},"modified":"2024-04-11T11:32:49","modified_gmt":"2024-04-11T10:32:49","slug":"70s","status":"publish","type":"page","link":"https:\/\/erikskarbaroux.com\/?page_id=868","title":{"rendered":"70&#8217;s"},"content":{"rendered":"\n<p>Double EP de 2 X 4 titres en digital ou album 8 titres en physique (CD ou vinyle).<\/p>\n\n\n\n<p>&#8220;70&#8217;s&#8221; propose musicalement de faire un voyage de 100 ans dans le pass\u00e9, le pr\u00e9sent et le futur, avec une s\u00e9rie de plong\u00e9es dans les ann\u00e9es 1970 et les r\u00eaves qui guidaient la jeunesse de l\u2019\u00e9poque, un point sur ce que ces r\u00eaves sont devenus, et une invitation \u00e0 r\u00e9imaginer les ann\u00e9es 70 de l\u2019an 2000.<\/p>\n\n\n\n<p>Je suis n\u00e9 le 5 mai 1970, ma jeunesse est donc plut\u00f4t celle des ann\u00e9es 80-90. Mais tout en \u00e9tant fan de Micka\u00ebl Jackson \u00e0 cette \u00e9poque, mon attirance pour la guitare m&#8217;a port\u00e9 vers toute la musique rock-folk-pop des 60&#8217;s et 70&#8217;s. J&#8217;ai \u00e9cout\u00e9 Jimmy Hendrix, The Rolling Stones, Led Zeppelin, Bob Dylan, Fleetwood Mac, Elvis Presley, The Who, Ten Years After, Deep Purple, Pink Floyd, Kate Bush, Patti Smith&#8230; J&#8217;ai travaill\u00e9 ma guitare sur &#8220;Hotel California&#8221;, &#8220;Angie&#8221;, &#8220;San Francisco&#8221;&#8230; J&#8217;ai vu et revu le film &#8220;Woodstock&#8221;, discut\u00e9 avec Jean-Louis Aubert de son voyage \u00e0 Berkeley sur les traces de la Beat Generation, j&#8217;ai pass\u00e9 des heures de ravissement avec des ami.e.s \u00e0 jouer de la guitare et chanter autour du feu de camp, en bon baba cool. Et aujourd&#8217;hui je m&#8217;interroge. Il me semble que l&#8217;humanit\u00e9 n&#8217;a pas emprunt\u00e9 le bon chemin, qu&#8217;elle glorifie la technologie et se moque des magnificences du vivant, qu&#8217;elle est addicte \u00e0 la consommation et aux satisfactions aussi superficielles qu&#8217;imm\u00e9diates et \u00e9ph\u00e9m\u00e8res. Je m&#8217;interroge, et j&#8217;aimerais qu&#8217;on soit nombreux \u00e0 le faire, toutes g\u00e9n\u00e9rations confondues et surtout les jeunes g\u00e9n\u00e9rations qui vont h\u00e9riter de nos meilleures et de nos pires r\u00e9alisations, et qui aussi, et heureusement, manifeste clairement un rejet du mod\u00e8le capitaliste et surtout n\u00e9o-lib\u00e9ral qui aujourd&#8217;hui semble fou et hors de contr\u00f4le.<\/p>\n\n\n\n<p>La musique est bas\u00e9e essentiellement sur la guitare \u00e9lectrique, ce qui est assez anachronique avec notre \u00e9poque qui voit fleurir des artistes et beatmakers qui ne jouent aucun instrument et se contentent de mettre des samples dans un logiciel. Tout en respectant le travail de tous ces artistes du logiciel, tout en admirant parfois les id\u00e9es et les r\u00e9sultats qu&#8217;ils obtiennent, j&#8217;ai voulu pour ma part rester le plus loin possible des PC et des \u00e9crans. je pr\u00e9f\u00e8re de loin travailler avec des guitares, des amplis \u00e0 lampes, des p\u00e9dales analogiques, un bloc-note et une plumes \u00e0 encre noire. Tous les instruments (ou presque) dans mon album sont r\u00e9els. Les quelques sons apportant la touche moderne sont cr\u00e9\u00e9s \u00e0 partir de sons r\u00e9els tir\u00e9s de guitares, pianos ou synth\u00e9tiseurs analogique, le  tout bidouill\u00e9s par des filtres informatiques.<\/p>\n\n\n\n<p>Ma voix est naturelle, harmonis\u00e9e un peu \u00e0 l&#8217;ancienne par moi-m\u00eame (oui, \u00e0 l&#8217;exception de &#8220;My Yellow Renault 5&#8221; o\u00f9 Ingrid Courr\u00e8ges me rejoint en double  lead et dans les back vocals, et \u00e0 l&#8217;exception \u00e9galement de &#8220;Comme si c&#8217;\u00e9tait comme \u00e7a&#8221; o\u00f9 Xavier Polycarpe, Neil Chablaoui et H\u00e9l\u00e8ne Pince m&#8217;accompagnent de tout leur ch\u0153ur, j&#8217;ai enregistr\u00e9 toutes les voix), sans Vocoder ni Autotune.<\/p>\n\n\n\n<p>L&#8217;enregistrement de l&#8217;album a commenc\u00e9 en plein air, le 28 octobre 2010, lors d&#8217;une performance d&#8217;improvisation sur l&#8217;\u00eele Seguin (Boulogne Billancourt) avec juste JimYu \u00e0 la batterie et moi \u00e0 la guitare \u00e9lectrique. Quentin Cherrier, photographe et vid\u00e9aste, \u00e9tait pr\u00e9sent et a film\u00e9 la performance en se d\u00e9pla\u00e7ant entre JimYu et moi.<br>Les sources sonores de ces films ont \u00e9t\u00e9 extraites et d\u00e9coup\u00e9es pour ne conserver que les petits morceaux int\u00e9ressants. Antoine Delecroix, ing\u00e9nieux ing\u00e9nieur du son, et moi-m\u00eame avons ensuite travaill\u00e9 pour assembler les parties retenues et cr\u00e9er des titres instrumentaux, low-fi, avec des structures les plus libres possibles. En cela, notre m\u00e9thode \u00e9tait assez proche de celle des beatmakers actuels, \u00e0 la diff\u00e9rence quand m\u00eame que nous avions cr\u00e9\u00e9 les sons nous-m\u00eames avec des vrais instruments et non utilis\u00e9 des sons trouv\u00e9s sur la World Wide Web. Une seconde session d&#8217;improvisation avec Peter Micek et Jay Allaguillemette est \u00e0 l&#8217;orine d&#8217;autres assemblages. Cette session a eu lieu au studio d&#8217;Antoine \u00e0 Pantin au printemps 2013. Les sessions de d\u00e9coupage et d&#8217;assemblage des instrumentaux. Puis, tout est rest\u00e9 en stand by jusqu&#8217;au printemps 2023. <\/p>\n\n\n\n<p>Apr\u00e8s des ann\u00e9es de gal\u00e8res et rebondissements, de destructurations et restructurations du groupe, d&#8217;enregistrements plus ou moins r\u00e9ussis \u00e0 Paris, Dublin, Londres, Lille, et surtout apr\u00e8s deux ann\u00e9es de Tourn\u00e9e Fantastique seul avec mes guitares acoustiques, il est temps pour moi de sortir un album. J&#8217;ai suffisamment de chansons pour en r\u00e9aliser deux, voire trois. En revanche, je suis auto-producteur et n&#8217;ai pas le budget pour enregistrer un album from scratch avec mes fid\u00e8les et talentueux Xavier et Vincent Polycarpe, Antoine Delecroix, Perceval Carr\u00e9, ou autres. Et puis m\u00eame si j&#8217;avais ce budget, je me disais que ce serait un peu idiot de mettre autant d&#8217;argent dans ce qui revenait \u00e0 sortir mon &#8220;premier album&#8221;. Avec de surcro\u00eet un niveau de notori\u00e9t\u00e9 proche de z\u00e9ro, l&#8217;investissement aurait \u00e9t\u00e9 disproportionn\u00e9. Et puis, j&#8217;avais ces instrumentaux inachev\u00e9s, que j&#8217;adorais r\u00e9\u00e9couter, frustr\u00e9 \u00e0 chaque fois de ne pas avoir abouti le travail. Ma d\u00e9cision \u00e9tait prise, j&#8217;allais rappeler Antoine, m&#8217;accorder qvec lui sur un volume de temps et un tarif journalier, et finaliser une s\u00e9lection de ces titres qui attendaient depuis dix ans.<\/p>\n\n\n\n<p>J&#8217;ai \u00e9crit les chansons en m\u00e9langeant le fran\u00e7ais et l&#8217;anglais, en faisant en sorte de trouver des m\u00e9lodies int\u00e9ressantes r\u00e9pondant \u00e0 la musicalit\u00e9 rythmique et harmonique des instrumentaux. J&#8217;ai choisi d&#8217;\u00e9crire des paroles d\u00e9clin\u00e9es du concept &#8220;70&#8217;s&#8221; : la libert\u00e9 et le voyage, l&#8217;industrie (automobile), la politique et les m\u00e9dias, les crises \u00e9conomiques, les r\u00eaves de paix et d&#8217;amour du Flower Power, la foi en la jeunesse qui a le pouvoir d&#8217;influencer les d\u00e9cisions et actions de leurs vieux&#8230; J&#8217;ai repris des bouts de textes \u00e9crits dans le Chalet du Petit Maine \u00e0 Saint-F\u00e9lix de Reilhac (hiver 2022-2023), j&#8217;ai \u00e9crit la chanson &#8220;My Yellow Renault 5&#8221; \u00e0 Voiron o\u00f9 j&#8217;avais rencontr\u00e9 Axel et Emma qui roulaient en Renault 5 jaune, et les autres chansons dans le &#8220;Bathyscaphe&#8221; d&#8217;Estelle avec qui je vis en coloc&#8217; depuis avril 2023. Et nous avons enregistr\u00e9 les voix, ajout\u00e9 des guitares \u00e9lectriques et acoustiques, refait toutes les basses, retravaill\u00e9 les batteries, ajout\u00e9 du piano, taill\u00e9 tous les bouts de trucs inutiles. Ainsi est n\u00e9 &#8220;70&#8217;s&#8221;, apr\u00e8s une longue gestation de plus de treize ans.<\/p>\n\n\n\n<figure class=\"wp-block-image size-large is-resized\"><img loading=\"lazy\" decoding=\"async\" width=\"1024\" height=\"1024\" src=\"https:\/\/erikskarbaroux.com\/wp-content\/uploads\/2024\/03\/70-S-ERIK-SKAR-BAROUX-AVATAR-BENOIT-FLAMEC-2-1024x1024.jpg\" alt=\"\" class=\"wp-image-835\" style=\"width:1140px;height:auto\" srcset=\"https:\/\/erikskarbaroux.com\/wp-content\/uploads\/2024\/03\/70-S-ERIK-SKAR-BAROUX-AVATAR-BENOIT-FLAMEC-2-1024x1024.jpg 1024w, https:\/\/erikskarbaroux.com\/wp-content\/uploads\/2024\/03\/70-S-ERIK-SKAR-BAROUX-AVATAR-BENOIT-FLAMEC-2-300x300.jpg 300w, https:\/\/erikskarbaroux.com\/wp-content\/uploads\/2024\/03\/70-S-ERIK-SKAR-BAROUX-AVATAR-BENOIT-FLAMEC-2-150x150.jpg 150w, https:\/\/erikskarbaroux.com\/wp-content\/uploads\/2024\/03\/70-S-ERIK-SKAR-BAROUX-AVATAR-BENOIT-FLAMEC-2-2000x2000.jpg 2000w\" sizes=\"auto, (max-width: 1024px) 100vw, 1024px\" \/><\/figure>\n\n\n\n<p style=\"font-size:clamp(18.959px, 1.185rem + ((1vw - 3.2px) * 0.977), 30px);\"><strong>EP 1<\/strong><\/p>\n\n\n\n<p><strong>My Yellow Renault 5<br>2070 (The Coming Seventies)<br>Vous l&#8217;vendez bien<br>Two Girls<br><\/strong><\/p>\n\n\n\n<p style=\"font-size:clamp(18.959px, 1.185rem + ((1vw - 3.2px) * 0.977), 30px);\"><strong>EP 2<\/strong><\/p>\n\n\n\n<p><strong>Crisis<br>\u00c0 nos heureuses heures<br>Comme si c&#8217;\u00e9tait comme \u00e7a (radio edit)<br>Bathyscaphe<\/strong><\/p>\n\n\n\n<figure class=\"wp-block-image size-large is-resized\"><img loading=\"lazy\" decoding=\"async\" width=\"1024\" height=\"1024\" src=\"https:\/\/erikskarbaroux.com\/wp-content\/uploads\/2024\/03\/70-S-ERIK-SKAR-BAROUX-AVATAR-NATHALIE-NOBRE-1024x1024.jpg\" alt=\"\" class=\"wp-image-834\" style=\"width:1142px;height:auto\" srcset=\"https:\/\/erikskarbaroux.com\/wp-content\/uploads\/2024\/03\/70-S-ERIK-SKAR-BAROUX-AVATAR-NATHALIE-NOBRE-1024x1024.jpg 1024w, https:\/\/erikskarbaroux.com\/wp-content\/uploads\/2024\/03\/70-S-ERIK-SKAR-BAROUX-AVATAR-NATHALIE-NOBRE-300x300.jpg 300w, https:\/\/erikskarbaroux.com\/wp-content\/uploads\/2024\/03\/70-S-ERIK-SKAR-BAROUX-AVATAR-NATHALIE-NOBRE-150x150.jpg 150w, https:\/\/erikskarbaroux.com\/wp-content\/uploads\/2024\/03\/70-S-ERIK-SKAR-BAROUX-AVATAR-NATHALIE-NOBRE-2000x2000.jpg 2000w\" sizes=\"auto, (max-width: 1024px) 100vw, 1024px\" \/><\/figure>\n\n\n\n<p style=\"font-size:12px\"><strong>Music and lyrics : <\/strong>Erik Baroux \/ Cheyenne Baroux \/ Soraya Ann Baroux-Dargent<strong>.<br>Except \u201cBathyscaphe\u201d : <\/strong>Erik Baroux \/ Antoine Delecroix \/ Cheyenne Baroux \/ Soraya Ann Baroux-Dargent.<\/p>\n\n\n\n<p style=\"font-size:12px\"><strong>Erik Skar Baroux : <\/strong>lead vocal, electric guitar, acoustic guitar, back vocals, piano<br><strong>Ingrid Courr\u00e8ges : <\/strong>lead vocal, back vocals on \u201cMy Yellow Renault Five\u201d<br><strong>Antoine Delecroix : <\/strong>bass guitar, electric guitar, piano, keyboard<br><strong>Peter Micek : <\/strong>drums<br><strong>Marc Le Saux : <\/strong>drums<strong><br>Xavier Polycarpe : <\/strong>bass guitar, electric guitar, acoustic guitar, back vocals, piano, keyboards on \u201cComme si c\u2019\u00e9tait comme \u00e7a\u201d<br><strong>Vincent Polycarpe :<\/strong> drums on \u201cComme si c\u2019\u00e9tait comme \u00e7a\u201d<br><strong>Neil Chablaoui : <\/strong>back vocals on \u201cComme si c\u2019\u00e9tait comme \u00e7a\u201d<br><strong>H\u00e9l\u00e8ne Pince : <\/strong>back vocals on \u201cComme si c\u2019\u00e9tait comme \u00e7a\u201d<\/p>\n\n\n\n<p style=\"font-size:12px\"><strong>Recorded by <\/strong>Quentin Cherrier + Antoine Delecroix + Perceval Carr\u00e9 in Paris + Pantin + Montreuil, France<br><strong>Produced by <\/strong>Erik Baroux &amp; Antoine Delecroix<br><strong>Mix &amp; Mastering : <\/strong>Antoine Delecroix at Beatman\u2019s Studio (Saint Ouen)<br><strong>Artwork :<\/strong><br>Artificial Intelligence picture led by Human Intelligence of Nathalie Nobre<br>Traditional Human Intelligence picture drawn by Beno\u00eet Flamec<br><strong>Photographs : <\/strong>Sylvain Bouthier \/ Giovanni Cittadini Cesi \/ Soraya Abbas \/ Quentin Cherrier \/ Selfie<br><strong>Graphic design : <\/strong>John de Beaucelle<\/p>\n\n\n\n<iframe loading=\"lazy\" src=\"https:\/\/erikskarbaroux.fanlink.tv\/70_S?embed=true\" allowfullscreen style=\"border-radius:3px\" frameborder=\"0\" height=\"900\" width=\"480\"><\/iframe>\n\n\n\n<iframe loading=\"lazy\" src=\"https:\/\/erikskarbaroux.fanlink.tv\/70_S_2?embed=true\" allowfullscreen style=\"border-radius:3px\" frameborder=\"0\" height=\"900\" width=\"480\"><\/iframe>\n","protected":false},"excerpt":{"rendered":"<p>Double EP de 2 X 4 titres en digital ou album 8 titres en physique (CD ou vinyle). &#8220;70&#8217;s&#8221; propose musicalement de faire un voyage de 100 ans dans le pass\u00e9, le pr\u00e9sent et le futur, avec une s\u00e9rie de plong\u00e9es dans les ann\u00e9es 1970 et les r\u00eaves qui guidaient la jeunesse de l\u2019\u00e9poque, un &hellip; <\/p>\n<p class=\"link-more\"><a href=\"https:\/\/erikskarbaroux.com\/?page_id=868\" class=\"more-link\">Read more<span class=\"screen-reader-text\"> &#8220;70&#8217;s&#8221;<\/span><\/a><\/p>\n","protected":false},"author":1,"featured_media":896,"parent":0,"menu_order":0,"comment_status":"closed","ping_status":"closed","template":"","meta":{"inspiro_hide_title":false,"footnotes":""},"class_list":["post-868","page","type-page","status-publish","has-post-thumbnail","hentry"],"featured_media_urls":{"thumbnail":["https:\/\/erikskarbaroux.com\/wp-content\/uploads\/2024\/03\/Projet-Erik-proposition-02-150x150.jpg",150,150,true],"medium":["https:\/\/erikskarbaroux.com\/wp-content\/uploads\/2024\/03\/Projet-Erik-proposition-02-240x300.jpg",240,300,true],"medium_large":["https:\/\/erikskarbaroux.com\/wp-content\/uploads\/2024\/03\/Projet-Erik-proposition-02.jpg",768,960,false],"large":["https:\/\/erikskarbaroux.com\/wp-content\/uploads\/2024\/03\/Projet-Erik-proposition-02-819x1024.jpg",819,1024,true],"1536x1536":["https:\/\/erikskarbaroux.com\/wp-content\/uploads\/2024\/03\/Projet-Erik-proposition-02-1229x1536.jpg",1229,1536,true],"2048x2048":["https:\/\/erikskarbaroux.com\/wp-content\/uploads\/2024\/03\/Projet-Erik-proposition-02.jpg",1638,2048,false],"inspiro-featured-image":["https:\/\/erikskarbaroux.com\/wp-content\/uploads\/2024\/03\/Projet-Erik-proposition-02.jpg",1638,2048,false],"inspiro-loop":["https:\/\/erikskarbaroux.com\/wp-content\/uploads\/2024\/03\/Projet-Erik-proposition-02-950x320.jpg",950,320,true],"inspiro-loop@2x":["https:\/\/erikskarbaroux.com\/wp-content\/uploads\/2024\/03\/Projet-Erik-proposition-02-1638x640.jpg",1638,640,true],"portfolio_item-thumbnail":["https:\/\/erikskarbaroux.com\/wp-content\/uploads\/2024\/03\/Projet-Erik-proposition-02-600x400.jpg",600,400,true],"portfolio_item-thumbnail@2x":["https:\/\/erikskarbaroux.com\/wp-content\/uploads\/2024\/03\/Projet-Erik-proposition-02-1200x800.jpg",1200,800,true],"portfolio_item-masonry":["https:\/\/erikskarbaroux.com\/wp-content\/uploads\/2024\/03\/Projet-Erik-proposition-02-600x750.jpg",600,750,true],"portfolio_item-masonry@2x":["https:\/\/erikskarbaroux.com\/wp-content\/uploads\/2024\/03\/Projet-Erik-proposition-02-1200x1500.jpg",1200,1500,true],"portfolio_item-thumbnail_cinema":["https:\/\/erikskarbaroux.com\/wp-content\/uploads\/2024\/03\/Projet-Erik-proposition-02-800x335.jpg",800,335,true],"portfolio_item-thumbnail_portrait":["https:\/\/erikskarbaroux.com\/wp-content\/uploads\/2024\/03\/Projet-Erik-proposition-02-600x900.jpg",600,900,true],"portfolio_item-thumbnail_portrait@2x":["https:\/\/erikskarbaroux.com\/wp-content\/uploads\/2024\/03\/Projet-Erik-proposition-02-1200x1800.jpg",1200,1800,true],"portfolio_item-thumbnail_square":["https:\/\/erikskarbaroux.com\/wp-content\/uploads\/2024\/03\/Projet-Erik-proposition-02-800x800.jpg",800,800,true]},"_links":{"self":[{"href":"https:\/\/erikskarbaroux.com\/index.php?rest_route=\/wp\/v2\/pages\/868","targetHints":{"allow":["GET"]}}],"collection":[{"href":"https:\/\/erikskarbaroux.com\/index.php?rest_route=\/wp\/v2\/pages"}],"about":[{"href":"https:\/\/erikskarbaroux.com\/index.php?rest_route=\/wp\/v2\/types\/page"}],"author":[{"embeddable":true,"href":"https:\/\/erikskarbaroux.com\/index.php?rest_route=\/wp\/v2\/users\/1"}],"replies":[{"embeddable":true,"href":"https:\/\/erikskarbaroux.com\/index.php?rest_route=%2Fwp%2Fv2%2Fcomments&post=868"}],"version-history":[{"count":16,"href":"https:\/\/erikskarbaroux.com\/index.php?rest_route=\/wp\/v2\/pages\/868\/revisions"}],"predecessor-version":[{"id":934,"href":"https:\/\/erikskarbaroux.com\/index.php?rest_route=\/wp\/v2\/pages\/868\/revisions\/934"}],"wp:featuredmedia":[{"embeddable":true,"href":"https:\/\/erikskarbaroux.com\/index.php?rest_route=\/wp\/v2\/media\/896"}],"wp:attachment":[{"href":"https:\/\/erikskarbaroux.com\/index.php?rest_route=%2Fwp%2Fv2%2Fmedia&parent=868"}],"curies":[{"name":"wp","href":"https:\/\/api.w.org\/{rel}","templated":true}]}}