{"id":907,"date":"2024-03-11T16:15:18","date_gmt":"2024-03-11T16:15:18","guid":{"rendered":"https:\/\/erikskarbaroux.com\/?page_id=907"},"modified":"2024-03-11T18:21:22","modified_gmt":"2024-03-11T18:21:22","slug":"boutique","status":"publish","type":"page","link":"https:\/\/erikskarbaroux.com\/?page_id=907","title":{"rendered":"BOUTIQUE"},"content":{"rendered":"\n<p style=\"font-size:clamp(16.834px, 1.052rem + ((1vw - 3.2px) * 0.811), 26px);\"><strong>CD &#8220;70&#8217;s&#8221;<\/strong><\/p>\n\n\n\n<p>Le CD de l&#8217;album &#8220;70&#8217;s&#8221; conditionn\u00e9 en Digipak double recto.<br>Illustrations de Beno\u00eet Flamec<br>Image AI pilot\u00e9e par Nathalie Nobre<br>Photographies : Sylvain Bouthier, Giovanni Cittadini Cesi, Soraya Abbas, Quentin Cherrier, et un selfie<br>15\u20ac + frais de port 3,80\u20ac<\/p>\n\n\n\n<figure class=\"wp-block-gallery has-nested-images columns-default is-cropped wp-block-gallery-1 is-layout-flex wp-block-gallery-is-layout-flex\">\n<figure class=\"wp-block-image size-large\"><img loading=\"lazy\" decoding=\"async\" width=\"500\" height=\"500\" data-id=\"908\" src=\"https:\/\/erikskarbaroux.com\/wp-content\/uploads\/2024\/03\/DIGIPAK-ERIK-SKAR-BAROUX-SIMULATION-2-copy-SQUARE-SMALL-.jpg\" alt=\"\" class=\"wp-image-908\" srcset=\"https:\/\/erikskarbaroux.com\/wp-content\/uploads\/2024\/03\/DIGIPAK-ERIK-SKAR-BAROUX-SIMULATION-2-copy-SQUARE-SMALL-.jpg 500w, https:\/\/erikskarbaroux.com\/wp-content\/uploads\/2024\/03\/DIGIPAK-ERIK-SKAR-BAROUX-SIMULATION-2-copy-SQUARE-SMALL--300x300.jpg 300w, https:\/\/erikskarbaroux.com\/wp-content\/uploads\/2024\/03\/DIGIPAK-ERIK-SKAR-BAROUX-SIMULATION-2-copy-SQUARE-SMALL--150x150.jpg 150w\" sizes=\"auto, (max-width: 500px) 100vw, 500px\" \/><\/figure>\n\n\n\n<figure class=\"wp-block-image size-large\"><img loading=\"lazy\" decoding=\"async\" width=\"1024\" height=\"989\" data-id=\"909\" src=\"https:\/\/erikskarbaroux.com\/wp-content\/uploads\/2024\/03\/DIGIPAK-SIMULATION-1-copy-SMALLjpg-1024x989.jpg\" alt=\"\" class=\"wp-image-909\" srcset=\"https:\/\/erikskarbaroux.com\/wp-content\/uploads\/2024\/03\/DIGIPAK-SIMULATION-1-copy-SMALLjpg-1024x989.jpg 1024w, https:\/\/erikskarbaroux.com\/wp-content\/uploads\/2024\/03\/DIGIPAK-SIMULATION-1-copy-SMALLjpg-300x290.jpg 300w, https:\/\/erikskarbaroux.com\/wp-content\/uploads\/2024\/03\/DIGIPAK-SIMULATION-1-copy-SMALLjpg.jpg 1500w\" sizes=\"auto, (max-width: 1024px) 100vw, 1024px\" \/><\/figure>\n<\/figure>\n\n\n\n<iframe id=\"haWidget\" allowtransparency=\"true\" scrolling=\"auto\" src=\"https:\/\/www.helloasso.com\/associations\/herewego-aventure-and-co\/boutiques\/erik-skar-baroux-merchandising\/widget\" style=\"width: 100%; height: 750px; border: none;\"><\/iframe>\n\n\n\n<hr class=\"wp-block-separator has-alpha-channel-opacity is-style-wide\"\/>\n\n\n\n<p style=\"font-size:clamp(16.834px, 1.052rem + ((1vw - 3.2px) * 0.811), 26px);\"><strong>Double disque Vinyle &#8220;AUDIOGRAPHY#1&#8221; collector<\/strong><\/p>\n\n\n\n<p>Un album exp\u00e9rimental qualifi\u00e9 de &#8220;Cool Atmosph\u00e9ric Punk from France&#8221; par des fans am\u00e9ricains de la c\u00f4te Ouest, enregistr\u00e9 en une seule journ\u00e9e et en live aux Studios Om\u00e9ga de Suresnes, avec une formation en power trio (Erik Skar Baroux, JimYu, Jay). L&#8217;album contient aussi le titre &#8220;Zo\u00e9 (comme elle est belle)&#8221; \u00e9crit compos\u00e9 et enregistr\u00e9 en une autre journ\u00e9e dans les m\u00eames studios. Collector parce qu&#8217;il n&#8217;en reste qu&#8217;une centaine d&#8217;exemplaires.<\/p>\n\n\n\n<figure class=\"wp-block-gallery has-nested-images columns-default is-cropped wp-block-gallery-2 is-layout-flex wp-block-gallery-is-layout-flex\"><\/figure>\n","protected":false},"excerpt":{"rendered":"<p>CD &#8220;70&#8217;s&#8221; Le CD de l&#8217;album &#8220;70&#8217;s&#8221; conditionn\u00e9 en Digipak double recto.Illustrations de Beno\u00eet FlamecImage AI pilot\u00e9e par Nathalie NobrePhotographies : Sylvain Bouthier, Giovanni Cittadini Cesi, Soraya Abbas, Quentin Cherrier, et un selfie15\u20ac + frais de port 3,80\u20ac Double disque Vinyle &#8220;AUDIOGRAPHY#1&#8221; collector Un album exp\u00e9rimental qualifi\u00e9 de &#8220;Cool Atmosph\u00e9ric Punk from France&#8221; par des &hellip; <\/p>\n<p class=\"link-more\"><a href=\"https:\/\/erikskarbaroux.com\/?page_id=907\" class=\"more-link\">Read more<span class=\"screen-reader-text\"> &#8220;BOUTIQUE&#8221;<\/span><\/a><\/p>\n","protected":false},"author":1,"featured_media":0,"parent":0,"menu_order":0,"comment_status":"closed","ping_status":"closed","template":"","meta":{"inspiro_hide_title":false,"footnotes":""},"class_list":["post-907","page","type-page","status-publish","hentry"],"featured_media_urls":[],"_links":{"self":[{"href":"https:\/\/erikskarbaroux.com\/index.php?rest_route=\/wp\/v2\/pages\/907","targetHints":{"allow":["GET"]}}],"collection":[{"href":"https:\/\/erikskarbaroux.com\/index.php?rest_route=\/wp\/v2\/pages"}],"about":[{"href":"https:\/\/erikskarbaroux.com\/index.php?rest_route=\/wp\/v2\/types\/page"}],"author":[{"embeddable":true,"href":"https:\/\/erikskarbaroux.com\/index.php?rest_route=\/wp\/v2\/users\/1"}],"replies":[{"embeddable":true,"href":"https:\/\/erikskarbaroux.com\/index.php?rest_route=%2Fwp%2Fv2%2Fcomments&post=907"}],"version-history":[{"count":7,"href":"https:\/\/erikskarbaroux.com\/index.php?rest_route=\/wp\/v2\/pages\/907\/revisions"}],"predecessor-version":[{"id":924,"href":"https:\/\/erikskarbaroux.com\/index.php?rest_route=\/wp\/v2\/pages\/907\/revisions\/924"}],"wp:attachment":[{"href":"https:\/\/erikskarbaroux.com\/index.php?rest_route=%2Fwp%2Fv2%2Fmedia&parent=907"}],"curies":[{"name":"wp","href":"https:\/\/api.w.org\/{rel}","templated":true}]}}